{"id":10,"date":"2022-02-11T15:27:07","date_gmt":"2022-02-11T14:27:07","guid":{"rendered":"http:\/\/osteopathe-claye-souilly.fr\/?page_id=10"},"modified":"2022-02-22T16:50:11","modified_gmt":"2022-02-22T15:50:11","slug":"contact","status":"publish","type":"page","link":"https:\/\/osteopathe-claye-souilly.fr\/?page_id=10","title":{"rendered":"Contact"},"content":{"rendered":"\n<p>Cabinet d&#8217;ost\u00e9opathie Eva Dony<\/p>\n\n\n\n<p>63 Rue Jean Jaures<\/p>\n\n\n\n<p>77410 Claye-Souilly<br><br>T : 06 80 53 54 52<\/p>\n\n\n\n<figure class=\"wp-block-gallery has-nested-images columns-default is-cropped wp-block-gallery-1 is-layout-flex wp-block-gallery-is-layout-flex\">\n<figure class=\"wp-block-image size-large\"><img loading=\"lazy\" decoding=\"async\" width=\"828\" height=\"594\" data-id=\"104\" src=\"http:\/\/osteopathe-claye-souilly.fr\/wp-content\/uploads\/2022\/02\/65089752_377888132932550_1321087976964358144_n.jpg\" alt=\"\" class=\"wp-image-104\" srcset=\"https:\/\/osteopathe-claye-souilly.fr\/wp-content\/uploads\/2022\/02\/65089752_377888132932550_1321087976964358144_n.jpg 828w, https:\/\/osteopathe-claye-souilly.fr\/wp-content\/uploads\/2022\/02\/65089752_377888132932550_1321087976964358144_n-300x215.jpg 300w, https:\/\/osteopathe-claye-souilly.fr\/wp-content\/uploads\/2022\/02\/65089752_377888132932550_1321087976964358144_n-768x551.jpg 768w, https:\/\/osteopathe-claye-souilly.fr\/wp-content\/uploads\/2022\/02\/65089752_377888132932550_1321087976964358144_n-84x60.jpg 84w\" sizes=\"auto, (max-width: 828px) 100vw, 828px\" \/><\/figure>\n\n\n\n<figure class=\"wp-block-image size-large\"><img loading=\"lazy\" decoding=\"async\" width=\"1128\" height=\"1504\" data-id=\"90\" src=\"http:\/\/osteopathe-claye-souilly.fr\/wp-content\/uploads\/2022\/02\/5fe707c6-6758-471d-b46f-de2f9ba9598d.jpg\" alt=\"\" class=\"wp-image-90\" srcset=\"https:\/\/osteopathe-claye-souilly.fr\/wp-content\/uploads\/2022\/02\/5fe707c6-6758-471d-b46f-de2f9ba9598d.jpg 1128w, https:\/\/osteopathe-claye-souilly.fr\/wp-content\/uploads\/2022\/02\/5fe707c6-6758-471d-b46f-de2f9ba9598d-225x300.jpg 225w, https:\/\/osteopathe-claye-souilly.fr\/wp-content\/uploads\/2022\/02\/5fe707c6-6758-471d-b46f-de2f9ba9598d-768x1024.jpg 768w, https:\/\/osteopathe-claye-souilly.fr\/wp-content\/uploads\/2022\/02\/5fe707c6-6758-471d-b46f-de2f9ba9598d-45x60.jpg 45w\" sizes=\"auto, (max-width: 1128px) 100vw, 1128px\" \/><\/figure>\n\n\n\n<figure class=\"wp-block-image size-large\"><img loading=\"lazy\" decoding=\"async\" width=\"1504\" height=\"1128\" data-id=\"91\" src=\"http:\/\/osteopathe-claye-souilly.fr\/wp-content\/uploads\/2022\/02\/9e4549f1-8680-411c-a35b-70a6f997210a.jpg\" alt=\"\" class=\"wp-image-91\" srcset=\"https:\/\/osteopathe-claye-souilly.fr\/wp-content\/uploads\/2022\/02\/9e4549f1-8680-411c-a35b-70a6f997210a.jpg 1504w, https:\/\/osteopathe-claye-souilly.fr\/wp-content\/uploads\/2022\/02\/9e4549f1-8680-411c-a35b-70a6f997210a-300x225.jpg 300w, https:\/\/osteopathe-claye-souilly.fr\/wp-content\/uploads\/2022\/02\/9e4549f1-8680-411c-a35b-70a6f997210a-1024x768.jpg 1024w, https:\/\/osteopathe-claye-souilly.fr\/wp-content\/uploads\/2022\/02\/9e4549f1-8680-411c-a35b-70a6f997210a-768x576.jpg 768w, https:\/\/osteopathe-claye-souilly.fr\/wp-content\/uploads\/2022\/02\/9e4549f1-8680-411c-a35b-70a6f997210a-80x60.jpg 80w\" sizes=\"auto, (max-width: 1504px) 100vw, 1504px\" \/><\/figure>\n<\/figure>\n\n\n\n<h2 class=\"has-large-font-size wp-block-heading\" id=\"comment-venir\">Comment venir : <\/h2>\n\n\n\n<p>Le cabinet est face \u00e0 la Mairie et \u00e0 proximit\u00e9 du centre ville.<\/p>\n\n\n\n<p>Parking du march\u00e9 \u00e0 30m et places de parking face au cabinet.<\/p>\n\n\n\n<p>Acc\u00e8s bus arr\u00eat Mairie\/Eglise par les lignes :<\/p>\n\n\n\n<p>20 &#8211; Seine et Marne express<\/p>\n\n\n\n<p>18 &#8211; TFV<\/p>\n\n\n\n<p>8 &#8211; TVF<\/p>\n\n\n\n<p>4 &#8211; Apolo 7<\/p>\n\n\n\n<p>15 &#8211; PEP&#8217;S<\/p>\n\n\n\n<iframe src=\"https:\/\/www.google.com\/maps\/embed?pb=!1m18!1m12!1m3!1d2620.412082980773!2d2.6854929159257614!3d48.945638802513095!2m3!1f0!2f0!3f0!3m2!1i1024!2i768!4f13.1!3m3!1m2!1s0x47e6199e6ea02ce7%3A0xa2d9a389f8ceddbf!2sEva%20DONY%20-%20Ost%C3%A9opathe%20D.F.O.!5e0!3m2!1sfr!2sfr!4v1645533959854!5m2!1sfr!2sfr\" width=\"100%\" height=\"450\" style=\"border:0;width:100%;\" allowfullscreen=\"\" loading=\"lazy\"><\/iframe>\n\n\n\n<h2 class=\"has-large-font-size wp-block-heading\" id=\"me-contacter\">Me contacter : <\/h2>\n\n\n\n<div class=\"wp-block-contact-form-7-contact-form-selector\">\n<div class=\"wpcf7 no-js\" id=\"wpcf7-f124-o1\" lang=\"fr-FR\" dir=\"ltr\">\n<div class=\"screen-reader-response\"><p role=\"status\" aria-live=\"polite\" aria-atomic=\"true\"><\/p> <ul><\/ul><\/div>\n<form action=\"\/index.php?rest_route=%2Fwp%2Fv2%2Fpages%2F10#wpcf7-f124-o1\" method=\"post\" class=\"wpcf7-form init\" aria-label=\"Formulaire de contact\" novalidate=\"novalidate\" data-status=\"init\">\n<div style=\"display: none;\">\n<input type=\"hidden\" name=\"_wpcf7\" value=\"124\" \/>\n<input type=\"hidden\" name=\"_wpcf7_version\" value=\"5.7.4\" \/>\n<input type=\"hidden\" name=\"_wpcf7_locale\" value=\"fr_FR\" \/>\n<input type=\"hidden\" name=\"_wpcf7_unit_tag\" value=\"wpcf7-f124-o1\" \/>\n<input type=\"hidden\" name=\"_wpcf7_container_post\" value=\"0\" \/>\n<input type=\"hidden\" name=\"_wpcf7_posted_data_hash\" value=\"\" \/>\n<\/div>\n<p><label> Votre nom<br \/>\n<span class=\"wpcf7-form-control-wrap\" data-name=\"your-name\"><input size=\"40\" class=\"wpcf7-form-control wpcf7-text wpcf7-validates-as-required\" aria-required=\"true\" aria-invalid=\"false\" value=\"\" type=\"text\" name=\"your-name\" \/><\/span> <\/label>\n<\/p>\n<p><label> Votre e-mail<br \/>\n<span class=\"wpcf7-form-control-wrap\" data-name=\"your-email\"><input size=\"40\" class=\"wpcf7-form-control wpcf7-text wpcf7-email wpcf7-validates-as-required wpcf7-validates-as-email\" aria-required=\"true\" aria-invalid=\"false\" value=\"\" type=\"email\" name=\"your-email\" \/><\/span> <\/label>\n<\/p>\n<p><label> Objet<br \/>\n<span class=\"wpcf7-form-control-wrap\" data-name=\"your-subject\"><input size=\"40\" class=\"wpcf7-form-control wpcf7-text wpcf7-validates-as-required\" aria-required=\"true\" aria-invalid=\"false\" value=\"\" type=\"text\" name=\"your-subject\" \/><\/span> <\/label>\n<\/p>\n<p><label> Votre message (facultatif)<br \/>\n<span class=\"wpcf7-form-control-wrap\" data-name=\"your-message\"><textarea cols=\"40\" rows=\"10\" class=\"wpcf7-form-control wpcf7-textarea\" aria-invalid=\"false\" name=\"your-message\"><\/textarea><\/span> <\/label>\n<\/p>\n<p><input class=\"wpcf7-form-control has-spinner wpcf7-submit\" type=\"submit\" value=\"Envoyer\" \/>\n<\/p><div class=\"wpcf7-response-output\" aria-hidden=\"true\"><\/div>\n<\/form>\n<\/div>\n<\/div>\n","protected":false},"excerpt":{"rendered":"<p>Cabinet d&#8217;ost\u00e9opathie Eva Dony 63 Rue Jean Jaures 77410 Claye-Souilly T : 06 80 53 54 52 Comment venir : Le cabinet est face \u00e0 &hellip; <\/p>\n","protected":false},"author":1,"featured_media":0,"parent":0,"menu_order":0,"comment_status":"closed","ping_status":"closed","template":"","meta":{"footnotes":""},"class_list":["post-10","page","type-page","status-publish","hentry","latest_post"],"_links":{"self":[{"href":"https:\/\/osteopathe-claye-souilly.fr\/index.php?rest_route=\/wp\/v2\/pages\/10","targetHints":{"allow":["GET"]}}],"collection":[{"href":"https:\/\/osteopathe-claye-souilly.fr\/index.php?rest_route=\/wp\/v2\/pages"}],"about":[{"href":"https:\/\/osteopathe-claye-souilly.fr\/index.php?rest_route=\/wp\/v2\/types\/page"}],"author":[{"embeddable":true,"href":"https:\/\/osteopathe-claye-souilly.fr\/index.php?rest_route=\/wp\/v2\/users\/1"}],"replies":[{"embeddable":true,"href":"https:\/\/osteopathe-claye-souilly.fr\/index.php?rest_route=%2Fwp%2Fv2%2Fcomments&post=10"}],"version-history":[{"count":10,"href":"https:\/\/osteopathe-claye-souilly.fr\/index.php?rest_route=\/wp\/v2\/pages\/10\/revisions"}],"predecessor-version":[{"id":131,"href":"https:\/\/osteopathe-claye-souilly.fr\/index.php?rest_route=\/wp\/v2\/pages\/10\/revisions\/131"}],"wp:attachment":[{"href":"https:\/\/osteopathe-claye-souilly.fr\/index.php?rest_route=%2Fwp%2Fv2%2Fmedia&parent=10"}],"curies":[{"name":"wp","href":"https:\/\/api.w.org\/{rel}","templated":true}]}}