{"id":38,"date":"2022-02-11T15:54:45","date_gmt":"2022-02-11T14:54:45","guid":{"rendered":"http:\/\/osteopathe-claye-souilly.fr\/?page_id=38"},"modified":"2023-02-27T15:56:12","modified_gmt":"2023-02-27T14:56:12","slug":"mes-references","status":"publish","type":"page","link":"https:\/\/osteopathe-claye-souilly.fr\/?page_id=38","title":{"rendered":"Mes R\u00e9f\u00e9rences"},"content":{"rendered":"\n<p><strong>R\u00c9F\u00c9RENCES SPORTIVES<\/strong><\/p>\n\n\n\n<p>&#8211;&nbsp;&nbsp;&nbsp;&nbsp;&nbsp;&nbsp;&nbsp;&nbsp;&nbsp; Prise en charge de l\u2019Equipe de Seine et Marne de Sapeurs-Pompiers de handball lors du championnat de France inter pompiers \u00e0 Bordeaux<\/p>\n\n\n\n<p>&#8211;&nbsp;&nbsp;&nbsp;&nbsp;&nbsp;&nbsp;&nbsp;&nbsp;&nbsp; Prise en charge et suivi de l\u2019\u00e9quipe de handball de Villeparisis niveau N3 pendant une saison<\/p>\n\n\n\n<p>&#8211;&nbsp;&nbsp;&nbsp;&nbsp;&nbsp;&nbsp;&nbsp;&nbsp;&nbsp; Football Club de Quincy Voisins \/ Bailly-Romainvilliers \/ Claye-Souilly \/ Serris<\/p>\n\n\n\n<p>&#8211;&nbsp;&nbsp;&nbsp;&nbsp;&nbsp;&nbsp;&nbsp;&nbsp;&nbsp; Rugby Club de Villecresnes<\/p>\n\n\n\n<p>&#8211;&nbsp;&nbsp;&nbsp;&nbsp;&nbsp;&nbsp;&nbsp;&nbsp;&nbsp; Boxe Club d\u2019Ozoir la Ferri\u00e8re<\/p>\n\n\n\n<p>&#8211;&nbsp;&nbsp;&nbsp;&nbsp;&nbsp;&nbsp;&nbsp;&nbsp;&nbsp; Judo\/MMA Club de Lagny sur Marne<\/p>\n\n\n\n<p>&#8211;&nbsp;&nbsp;&nbsp;&nbsp;&nbsp;&nbsp;&nbsp;&nbsp;&nbsp; Basket Club de Lognes<\/p>\n\n\n\n<p><\/p>\n\n\n\n<p><strong>R\u00c9F\u00c9RENCES \u00c9V\u00c9NEMENTIELLES<\/strong><\/p>\n\n\n\n<p>&#8211;&nbsp;&nbsp;&nbsp;&nbsp;&nbsp;&nbsp;&nbsp;&nbsp;&nbsp; Semi-Marathon de Paris 2013<\/p>\n\n\n\n<p>&#8211;&nbsp;&nbsp;&nbsp;&nbsp;&nbsp;&nbsp;&nbsp;&nbsp;&nbsp; Marathon de Paris 2013 et 2014<\/p>\n\n\n\n<p>&#8211;&nbsp;&nbsp;&nbsp;&nbsp;&nbsp;&nbsp;&nbsp;&nbsp;&nbsp; Tournoi international El\u00e9gance &amp; Touch Meudon 2013 (plus de 12 \u00e9quipes europ\u00e9ennes)<\/p>\n\n\n\n<p>&#8211;&nbsp;&nbsp;&nbsp;&nbsp;&nbsp;&nbsp;&nbsp;&nbsp;&nbsp; Course des Jonquilles Le M\u00e9e sur Seine 2013<\/p>\n\n\n\n<p>&#8211;&nbsp; &nbsp; &nbsp; &nbsp; &nbsp; Triballons 93 en 2017,2018,2019<\/p>\n\n\n\n<p><\/p>\n\n\n\n<p><strong>R\u00c9F\u00c9RENCE<\/strong><strong>&nbsp;EN MILIEU MEDICAL<\/strong><\/p>\n\n\n\n<p>&#8211;&nbsp;&nbsp;&nbsp;&nbsp;&nbsp;&nbsp;&nbsp;&nbsp;&nbsp; IME Eclair \u00e0 Coll\u00e9gien (Autisme de l&#8217;enfant et l&#8217;adolescent)<\/p>\n\n\n\n<p>&#8211;&nbsp;&nbsp;&nbsp;&nbsp;&nbsp;&nbsp;&nbsp;&nbsp;&nbsp; Maternit\u00e9 Clinique Vauban (Livry-Gargan)<\/p>\n\n\n\n<p>&#8211;&nbsp;&nbsp;&nbsp;&nbsp;&nbsp;&nbsp;&nbsp;&nbsp;&nbsp; Maison d&#8217;Accueil Sp\u00e9cialis\u00e9e &#8220;La cl\u00e9 des champs&#8221; \u00e0 Champs sur Marne (Polyhandicap)<\/p>\n\n\n\n<p>&#8211;&nbsp;&nbsp;&nbsp;&nbsp;&nbsp;&nbsp;&nbsp;&nbsp;&nbsp; Observation en Obst\u00e9trique Clinique Vauban (Livry-Gargan)<\/p>\n\n\n\n<p>&#8211;&nbsp;&nbsp;&nbsp;&nbsp;&nbsp;&nbsp;&nbsp;&nbsp;&nbsp; Observation au bloc op\u00e9ratoire Clinique Vauban (ORL, gastro-ent\u00e9rologie..)<\/p>\n\n\n\n<p>&#8211;&nbsp;&nbsp;&nbsp;&nbsp;&nbsp;&nbsp;&nbsp;&nbsp;&nbsp; Observation au bloc op\u00e9ratoire Clinique la Francilienne (Pontault-Combault)<\/p>\n\n\n\n<p><\/p>\n\n\n\n<p><strong>R\u00c9F\u00c9RENCE EN ENTREPRISE<\/strong><\/p>\n\n\n\n<p>&#8211;&nbsp;&nbsp;&nbsp;&nbsp;&nbsp;&nbsp;&nbsp;&nbsp;&nbsp; DHL Emerainville<\/p>\n\n\n\n<p>&#8211;&nbsp; &nbsp; &nbsp; &nbsp; &nbsp; Brode Mode Noisy le Grand<\/p>\n\n\n\n<p><\/p>\n\n\n\n<p><strong>SEMINAIRES SUIVIS :<\/strong><\/p>\n\n\n\n<p>&#8211;&nbsp;Neurop\u00e9diatrie pr\u00e9sent\u00e9e par Evelyne Soyez-Papiernik, Ost\u00e9opathe D.O.<\/p>\n\n\n\n<p>&#8211; Optom\u00e9trie par l&#8217;am\u00e9ricain Claude A. Valenti, Ost\u00e9opathe D.O. et F.C.O.V.D.<\/p>\n\n\n\n<p>&#8211; Posturologie par Christophe Buisson, Ost\u00e9opathe D.O.<\/p>\n","protected":false},"excerpt":{"rendered":"<p>R\u00c9F\u00c9RENCES SPORTIVES &#8211;&nbsp;&nbsp;&nbsp;&nbsp;&nbsp;&nbsp;&nbsp;&nbsp;&nbsp; Prise en charge de l\u2019Equipe de Seine et Marne de Sapeurs-Pompiers de handball lors du championnat de France inter pompiers \u00e0 Bordeaux &hellip; <\/p>\n","protected":false},"author":1,"featured_media":0,"parent":0,"menu_order":0,"comment_status":"closed","ping_status":"closed","template":"","meta":{"footnotes":""},"class_list":["post-38","page","type-page","status-publish","hentry","latest_post"],"_links":{"self":[{"href":"https:\/\/osteopathe-claye-souilly.fr\/index.php?rest_route=\/wp\/v2\/pages\/38","targetHints":{"allow":["GET"]}}],"collection":[{"href":"https:\/\/osteopathe-claye-souilly.fr\/index.php?rest_route=\/wp\/v2\/pages"}],"about":[{"href":"https:\/\/osteopathe-claye-souilly.fr\/index.php?rest_route=\/wp\/v2\/types\/page"}],"author":[{"embeddable":true,"href":"https:\/\/osteopathe-claye-souilly.fr\/index.php?rest_route=\/wp\/v2\/users\/1"}],"replies":[{"embeddable":true,"href":"https:\/\/osteopathe-claye-souilly.fr\/index.php?rest_route=%2Fwp%2Fv2%2Fcomments&post=38"}],"version-history":[{"count":4,"href":"https:\/\/osteopathe-claye-souilly.fr\/index.php?rest_route=\/wp\/v2\/pages\/38\/revisions"}],"predecessor-version":[{"id":154,"href":"https:\/\/osteopathe-claye-souilly.fr\/index.php?rest_route=\/wp\/v2\/pages\/38\/revisions\/154"}],"wp:attachment":[{"href":"https:\/\/osteopathe-claye-souilly.fr\/index.php?rest_route=%2Fwp%2Fv2%2Fmedia&parent=38"}],"curies":[{"name":"wp","href":"https:\/\/api.w.org\/{rel}","templated":true}]}}