{"id":49,"date":"2022-02-11T16:11:42","date_gmt":"2022-02-11T15:11:42","guid":{"rendered":"http:\/\/osteopathe-claye-souilly.fr\/?page_id=49"},"modified":"2022-11-02T11:49:19","modified_gmt":"2022-11-02T10:49:19","slug":"eva-dony-osteopathe","status":"publish","type":"page","link":"https:\/\/osteopathe-claye-souilly.fr\/","title":{"rendered":"Eva DONY"},"content":{"rendered":"\n<div class=\"wp-block-group\"><div class=\"wp-block-group__inner-container is-layout-flow wp-block-group-is-layout-flow\">\n<div class=\"wp-block-group\"><div class=\"wp-block-group__inner-container is-layout-flow wp-block-group-is-layout-flow\">\n<pre class=\"wp-block-verse\">Ost\u00e9opathe D.F.O \nRNCP Niveau 1\nDipl\u00f4m\u00e9e de l'Ecole Sup\u00e9rieure d'Ost\u00e9opathie de Paris, agr\u00e9\u00e9e par le Minist\u00e8re de la Sant\u00e9 et des Sports (arr\u00eat\u00e9 du 9 ao\u00fbt 2009)\n<\/pre>\n<\/div><\/div>\n<\/div><\/div>\n\n\n\n<h2 class=\"has-large-font-size wp-block-heading\" id=\"le-cabinet\">Le Cabinet<\/h2>\n\n\n\n<div class=\"wp-block-group\"><div class=\"wp-block-group__inner-container is-layout-flow wp-block-group-is-layout-flow\">\n<p>Situ\u00e9 au 63 Rue Jean Jaur\u00e9s<\/p>\n\n\n\n<p>77410 CLAYE SOUILLY<\/p>\n\n\n\n<p>Tel : 06 80 53 54 52<\/p>\n<\/div><\/div>\n\n\n\n<p class=\"has-medium-font-size\"><\/p>\n\n\n\n<h2 class=\"has-large-font-size wp-block-heading\" id=\"consultations\">Consultations<\/h2>\n\n\n\n<div class=\"wp-block-group\"><div class=\"wp-block-group__inner-container is-layout-flow wp-block-group-is-layout-flow\">\n<div class=\"wp-block-group\"><div class=\"wp-block-group__inner-container is-layout-flow wp-block-group-is-layout-flow\">\n<ul class=\"wp-block-list\">\n<li>Consultations&nbsp;sur RDV au cabinet ou \u00e0 domicile du lundi au samedi<\/li>\n\n\n\n<li>Lors de mes consultations, je ne peux pas toujours vous r\u00e9pondre.&nbsp;<\/li>\n\n\n\n<li>N\u2019h\u00e9sitez pas \u00e0 me laisser un message et je vous recontacterai&nbsp;dans les meilleurs d\u00e9lais.<\/li>\n\n\n\n<li>R\u00e8glement : Par Ch\u00e8que ou en Esp\u00e8ce<\/li>\n<\/ul>\n<\/div><\/div>\n<\/div><\/div>\n\n\n\n<figure class=\"wp-block-gallery has-nested-images columns-default is-cropped wp-block-gallery-1 is-layout-flex wp-block-gallery-is-layout-flex\">\n<figure class=\"wp-block-image size-large\"><img loading=\"lazy\" decoding=\"async\" width=\"828\" height=\"594\" data-id=\"104\" src=\"http:\/\/osteopathe-claye-souilly.fr\/wp-content\/uploads\/2022\/02\/65089752_377888132932550_1321087976964358144_n.jpg\" alt=\"\" class=\"wp-image-104\" srcset=\"https:\/\/osteopathe-claye-souilly.fr\/wp-content\/uploads\/2022\/02\/65089752_377888132932550_1321087976964358144_n.jpg 828w, https:\/\/osteopathe-claye-souilly.fr\/wp-content\/uploads\/2022\/02\/65089752_377888132932550_1321087976964358144_n-300x215.jpg 300w, https:\/\/osteopathe-claye-souilly.fr\/wp-content\/uploads\/2022\/02\/65089752_377888132932550_1321087976964358144_n-768x551.jpg 768w, https:\/\/osteopathe-claye-souilly.fr\/wp-content\/uploads\/2022\/02\/65089752_377888132932550_1321087976964358144_n-84x60.jpg 84w\" sizes=\"auto, (max-width: 828px) 100vw, 828px\" \/><\/figure>\n\n\n\n<figure class=\"wp-block-image size-large\"><img loading=\"lazy\" decoding=\"async\" width=\"828\" height=\"1067\" data-id=\"102\" src=\"http:\/\/osteopathe-claye-souilly.fr\/wp-content\/uploads\/2022\/02\/65013343_344718329538305_4174422171185053696_n.jpg\" alt=\"\" class=\"wp-image-102\" srcset=\"https:\/\/osteopathe-claye-souilly.fr\/wp-content\/uploads\/2022\/02\/65013343_344718329538305_4174422171185053696_n.jpg 828w, https:\/\/osteopathe-claye-souilly.fr\/wp-content\/uploads\/2022\/02\/65013343_344718329538305_4174422171185053696_n-233x300.jpg 233w, https:\/\/osteopathe-claye-souilly.fr\/wp-content\/uploads\/2022\/02\/65013343_344718329538305_4174422171185053696_n-795x1024.jpg 795w, https:\/\/osteopathe-claye-souilly.fr\/wp-content\/uploads\/2022\/02\/65013343_344718329538305_4174422171185053696_n-768x990.jpg 768w, https:\/\/osteopathe-claye-souilly.fr\/wp-content\/uploads\/2022\/02\/65013343_344718329538305_4174422171185053696_n-47x60.jpg 47w\" sizes=\"auto, (max-width: 828px) 100vw, 828px\" \/><\/figure>\n\n\n\n<figure class=\"wp-block-image size-large\"><img loading=\"lazy\" decoding=\"async\" width=\"1128\" height=\"1504\" data-id=\"99\" src=\"http:\/\/osteopathe-claye-souilly.fr\/wp-content\/uploads\/2022\/02\/f81096ab-a121-416d-9402-5bd327f2d9a21.jpg\" alt=\"\" class=\"wp-image-99\" srcset=\"https:\/\/osteopathe-claye-souilly.fr\/wp-content\/uploads\/2022\/02\/f81096ab-a121-416d-9402-5bd327f2d9a21.jpg 1128w, https:\/\/osteopathe-claye-souilly.fr\/wp-content\/uploads\/2022\/02\/f81096ab-a121-416d-9402-5bd327f2d9a21-225x300.jpg 225w, https:\/\/osteopathe-claye-souilly.fr\/wp-content\/uploads\/2022\/02\/f81096ab-a121-416d-9402-5bd327f2d9a21-768x1024.jpg 768w, https:\/\/osteopathe-claye-souilly.fr\/wp-content\/uploads\/2022\/02\/f81096ab-a121-416d-9402-5bd327f2d9a21-45x60.jpg 45w\" sizes=\"auto, (max-width: 1128px) 100vw, 1128px\" \/><\/figure>\n\n\n\n<figure class=\"wp-block-image size-large\"><img loading=\"lazy\" decoding=\"async\" width=\"1600\" height=\"1007\" data-id=\"98\" src=\"http:\/\/osteopathe-claye-souilly.fr\/wp-content\/uploads\/2022\/02\/d514349a-93ad-4513-bc77-4ea8705ebfec1.jpg\" alt=\"\" class=\"wp-image-98\" srcset=\"https:\/\/osteopathe-claye-souilly.fr\/wp-content\/uploads\/2022\/02\/d514349a-93ad-4513-bc77-4ea8705ebfec1.jpg 1600w, https:\/\/osteopathe-claye-souilly.fr\/wp-content\/uploads\/2022\/02\/d514349a-93ad-4513-bc77-4ea8705ebfec1-300x189.jpg 300w, https:\/\/osteopathe-claye-souilly.fr\/wp-content\/uploads\/2022\/02\/d514349a-93ad-4513-bc77-4ea8705ebfec1-1024x644.jpg 1024w, https:\/\/osteopathe-claye-souilly.fr\/wp-content\/uploads\/2022\/02\/d514349a-93ad-4513-bc77-4ea8705ebfec1-768x483.jpg 768w, https:\/\/osteopathe-claye-souilly.fr\/wp-content\/uploads\/2022\/02\/d514349a-93ad-4513-bc77-4ea8705ebfec1-1536x967.jpg 1536w, https:\/\/osteopathe-claye-souilly.fr\/wp-content\/uploads\/2022\/02\/d514349a-93ad-4513-bc77-4ea8705ebfec1-95x60.jpg 95w\" sizes=\"auto, (max-width: 1600px) 100vw, 1600px\" \/><\/figure>\n\n\n\n<figure class=\"wp-block-image size-large\"><img loading=\"lazy\" decoding=\"async\" width=\"1504\" height=\"1128\" data-id=\"97\" src=\"http:\/\/osteopathe-claye-souilly.fr\/wp-content\/uploads\/2022\/02\/d380b064-e071-4a60-8696-98adc3d649771.jpg\" alt=\"\" class=\"wp-image-97\" srcset=\"https:\/\/osteopathe-claye-souilly.fr\/wp-content\/uploads\/2022\/02\/d380b064-e071-4a60-8696-98adc3d649771.jpg 1504w, https:\/\/osteopathe-claye-souilly.fr\/wp-content\/uploads\/2022\/02\/d380b064-e071-4a60-8696-98adc3d649771-300x225.jpg 300w, https:\/\/osteopathe-claye-souilly.fr\/wp-content\/uploads\/2022\/02\/d380b064-e071-4a60-8696-98adc3d649771-1024x768.jpg 1024w, https:\/\/osteopathe-claye-souilly.fr\/wp-content\/uploads\/2022\/02\/d380b064-e071-4a60-8696-98adc3d649771-768x576.jpg 768w, https:\/\/osteopathe-claye-souilly.fr\/wp-content\/uploads\/2022\/02\/d380b064-e071-4a60-8696-98adc3d649771-80x60.jpg 80w\" sizes=\"auto, (max-width: 1504px) 100vw, 1504px\" \/><\/figure>\n\n\n\n<figure class=\"wp-block-image size-large\"><img loading=\"lazy\" decoding=\"async\" width=\"1128\" height=\"1504\" data-id=\"96\" src=\"http:\/\/osteopathe-claye-souilly.fr\/wp-content\/uploads\/2022\/02\/c3764622-fd63-441b-a1ec-c9fd6f79fa88.jpg\" alt=\"\" class=\"wp-image-96\" srcset=\"https:\/\/osteopathe-claye-souilly.fr\/wp-content\/uploads\/2022\/02\/c3764622-fd63-441b-a1ec-c9fd6f79fa88.jpg 1128w, https:\/\/osteopathe-claye-souilly.fr\/wp-content\/uploads\/2022\/02\/c3764622-fd63-441b-a1ec-c9fd6f79fa88-225x300.jpg 225w, https:\/\/osteopathe-claye-souilly.fr\/wp-content\/uploads\/2022\/02\/c3764622-fd63-441b-a1ec-c9fd6f79fa88-768x1024.jpg 768w, https:\/\/osteopathe-claye-souilly.fr\/wp-content\/uploads\/2022\/02\/c3764622-fd63-441b-a1ec-c9fd6f79fa88-45x60.jpg 45w\" sizes=\"auto, (max-width: 1128px) 100vw, 1128px\" \/><\/figure>\n\n\n\n<figure class=\"wp-block-image size-large\"><img loading=\"lazy\" decoding=\"async\" width=\"1504\" height=\"1128\" data-id=\"92\" src=\"http:\/\/osteopathe-claye-souilly.fr\/wp-content\/uploads\/2022\/02\/074af799-cbdc-4bc0-8b19-f82ef2e4ace01.jpg\" alt=\"\" class=\"wp-image-92\" srcset=\"https:\/\/osteopathe-claye-souilly.fr\/wp-content\/uploads\/2022\/02\/074af799-cbdc-4bc0-8b19-f82ef2e4ace01.jpg 1504w, https:\/\/osteopathe-claye-souilly.fr\/wp-content\/uploads\/2022\/02\/074af799-cbdc-4bc0-8b19-f82ef2e4ace01-300x225.jpg 300w, https:\/\/osteopathe-claye-souilly.fr\/wp-content\/uploads\/2022\/02\/074af799-cbdc-4bc0-8b19-f82ef2e4ace01-1024x768.jpg 1024w, https:\/\/osteopathe-claye-souilly.fr\/wp-content\/uploads\/2022\/02\/074af799-cbdc-4bc0-8b19-f82ef2e4ace01-768x576.jpg 768w, https:\/\/osteopathe-claye-souilly.fr\/wp-content\/uploads\/2022\/02\/074af799-cbdc-4bc0-8b19-f82ef2e4ace01-80x60.jpg 80w\" sizes=\"auto, (max-width: 1504px) 100vw, 1504px\" \/><\/figure>\n\n\n\n<figure class=\"wp-block-image size-large\"><img loading=\"lazy\" decoding=\"async\" width=\"1128\" height=\"1504\" data-id=\"95\" src=\"http:\/\/osteopathe-claye-souilly.fr\/wp-content\/uploads\/2022\/02\/b7b91e4b-563f-4526-995e-3cee24a8c1a5.jpg\" alt=\"\" class=\"wp-image-95\" srcset=\"https:\/\/osteopathe-claye-souilly.fr\/wp-content\/uploads\/2022\/02\/b7b91e4b-563f-4526-995e-3cee24a8c1a5.jpg 1128w, https:\/\/osteopathe-claye-souilly.fr\/wp-content\/uploads\/2022\/02\/b7b91e4b-563f-4526-995e-3cee24a8c1a5-225x300.jpg 225w, https:\/\/osteopathe-claye-souilly.fr\/wp-content\/uploads\/2022\/02\/b7b91e4b-563f-4526-995e-3cee24a8c1a5-768x1024.jpg 768w, https:\/\/osteopathe-claye-souilly.fr\/wp-content\/uploads\/2022\/02\/b7b91e4b-563f-4526-995e-3cee24a8c1a5-45x60.jpg 45w\" sizes=\"auto, (max-width: 1128px) 100vw, 1128px\" \/><\/figure>\n<\/figure>\n\n\n\n<h2 class=\"has-large-font-size wp-block-heading\" id=\"me-contacter\">Me Contacter <\/h2>\n\n\n\n<div class=\"wp-block-contact-form-7-contact-form-selector\">\n<div class=\"wpcf7 no-js\" id=\"wpcf7-f124-o1\" lang=\"fr-FR\" dir=\"ltr\">\n<div class=\"screen-reader-response\"><p role=\"status\" aria-live=\"polite\" aria-atomic=\"true\"><\/p> <ul><\/ul><\/div>\n<form action=\"\/index.php?rest_route=%2Fwp%2Fv2%2Fpages%2F49#wpcf7-f124-o1\" method=\"post\" class=\"wpcf7-form init\" aria-label=\"Formulaire de contact\" novalidate=\"novalidate\" data-status=\"init\">\n<div style=\"display: none;\">\n<input type=\"hidden\" name=\"_wpcf7\" value=\"124\" \/>\n<input type=\"hidden\" name=\"_wpcf7_version\" value=\"5.7.4\" \/>\n<input type=\"hidden\" name=\"_wpcf7_locale\" value=\"fr_FR\" \/>\n<input type=\"hidden\" name=\"_wpcf7_unit_tag\" value=\"wpcf7-f124-o1\" \/>\n<input type=\"hidden\" name=\"_wpcf7_container_post\" value=\"0\" \/>\n<input type=\"hidden\" name=\"_wpcf7_posted_data_hash\" value=\"\" \/>\n<\/div>\n<p><label> Votre nom<br \/>\n<span class=\"wpcf7-form-control-wrap\" data-name=\"your-name\"><input size=\"40\" class=\"wpcf7-form-control wpcf7-text wpcf7-validates-as-required\" aria-required=\"true\" aria-invalid=\"false\" value=\"\" type=\"text\" name=\"your-name\" \/><\/span> <\/label>\n<\/p>\n<p><label> Votre e-mail<br \/>\n<span class=\"wpcf7-form-control-wrap\" data-name=\"your-email\"><input size=\"40\" class=\"wpcf7-form-control wpcf7-text wpcf7-email wpcf7-validates-as-required wpcf7-validates-as-email\" aria-required=\"true\" aria-invalid=\"false\" value=\"\" type=\"email\" name=\"your-email\" \/><\/span> <\/label>\n<\/p>\n<p><label> Objet<br \/>\n<span class=\"wpcf7-form-control-wrap\" data-name=\"your-subject\"><input size=\"40\" class=\"wpcf7-form-control wpcf7-text wpcf7-validates-as-required\" aria-required=\"true\" aria-invalid=\"false\" value=\"\" type=\"text\" name=\"your-subject\" \/><\/span> <\/label>\n<\/p>\n<p><label> Votre message (facultatif)<br \/>\n<span class=\"wpcf7-form-control-wrap\" data-name=\"your-message\"><textarea cols=\"40\" rows=\"10\" class=\"wpcf7-form-control wpcf7-textarea\" aria-invalid=\"false\" name=\"your-message\"><\/textarea><\/span> <\/label>\n<\/p>\n<p><input class=\"wpcf7-form-control has-spinner wpcf7-submit\" type=\"submit\" value=\"Envoyer\" \/>\n<\/p><div class=\"wpcf7-response-output\" aria-hidden=\"true\"><\/div>\n<\/form>\n<\/div>\n<\/div>\n","protected":false},"excerpt":{"rendered":"<p>Ost\u00e9opathe D.F.O RNCP Niveau 1 Dipl\u00f4m\u00e9e de l&#8217;Ecole Sup\u00e9rieure d&#8217;Ost\u00e9opathie de Paris, agr\u00e9\u00e9e par le Minist\u00e8re de la Sant\u00e9 et des Sports (arr\u00eat\u00e9 du 9 &hellip; <\/p>\n","protected":false},"author":1,"featured_media":0,"parent":0,"menu_order":0,"comment_status":"closed","ping_status":"closed","template":"","meta":{"footnotes":""},"class_list":["post-49","page","type-page","status-publish","hentry","latest_post"],"_links":{"self":[{"href":"https:\/\/osteopathe-claye-souilly.fr\/index.php?rest_route=\/wp\/v2\/pages\/49","targetHints":{"allow":["GET"]}}],"collection":[{"href":"https:\/\/osteopathe-claye-souilly.fr\/index.php?rest_route=\/wp\/v2\/pages"}],"about":[{"href":"https:\/\/osteopathe-claye-souilly.fr\/index.php?rest_route=\/wp\/v2\/types\/page"}],"author":[{"embeddable":true,"href":"https:\/\/osteopathe-claye-souilly.fr\/index.php?rest_route=\/wp\/v2\/users\/1"}],"replies":[{"embeddable":true,"href":"https:\/\/osteopathe-claye-souilly.fr\/index.php?rest_route=%2Fwp%2Fv2%2Fcomments&post=49"}],"version-history":[{"count":13,"href":"https:\/\/osteopathe-claye-souilly.fr\/index.php?rest_route=\/wp\/v2\/pages\/49\/revisions"}],"predecessor-version":[{"id":152,"href":"https:\/\/osteopathe-claye-souilly.fr\/index.php?rest_route=\/wp\/v2\/pages\/49\/revisions\/152"}],"wp:attachment":[{"href":"https:\/\/osteopathe-claye-souilly.fr\/index.php?rest_route=%2Fwp%2Fv2%2Fmedia&parent=49"}],"curies":[{"name":"wp","href":"https:\/\/api.w.org\/{rel}","templated":true}]}}