{"id":7,"date":"2022-02-11T15:27:07","date_gmt":"2022-02-11T14:27:07","guid":{"rendered":"http:\/\/osteopathe-claye-souilly.fr\/?page_id=7"},"modified":"2022-02-22T16:52:29","modified_gmt":"2022-02-22T15:52:29","slug":"losteopathie","status":"publish","type":"page","link":"https:\/\/osteopathe-claye-souilly.fr\/?page_id=7","title":{"rendered":"L&#8217;osteopathie"},"content":{"rendered":"\n<h2 class=\"has-large-font-size wp-block-heading\" id=\"qu-est-ce-que-l-osteopathie\">Qu&#8217;est ce que l&#8217;ost\u00e9opathie ?<\/h2>\n\n\n\n<div class=\"wp-block-group\"><div class=\"wp-block-group__inner-container is-layout-flow wp-block-group-is-layout-flow\">\n<p>L&#8217;Ost\u00e9opathie est l&#8217;art de diagnostiquer et de traiter manuellement les restrictions de mobilit\u00e9 des tissus du corps humain susceptibles d&#8217;alt\u00e9rer l&#8217;\u00e9tat de sant\u00e9 du patient.<\/p>\n\n\n\n<p>C&#8217;est une profession de soin ind\u00e9pendante du parcours de soins allopathique mais compl\u00e9mentaire de celui-ci. Le patient est pris en charge dans sa globalit\u00e9 et l&#8217;ost\u00e9opathe s&#8217;attache \u00e0 traiter la cause du trouble et non \u00e0 camoufler les sympt\u00f4mes qui en sont la cons\u00e9quence.<\/p>\n\n\n\n<p>L&#8217;Ost\u00e9opathie est fond\u00e9e sur la capacit\u00e9 du corps \u00e0 s&#8217;auto \u00e9quilibrer et sur une connaissance profonde de l&#8217;anatomie, de la biom\u00e9canique et de la physiologie du corps humain.<br>Les r\u00e9ductions de mobilit\u00e9 sont traqu\u00e9es par l&#8217;ost\u00e9opathe \u00e0 la fois dans les plans structurel, visc\u00e9ral et cr\u00e2nien car elles sont fr\u00e9quemment la cause de sympt\u00f4mes pr\u00e9sents ou \u00e0 venir ; l&#8217;ost\u00e9opathie est donc \u00e0 la fois curative et pr\u00e9ventive. Une fois la mobilit\u00e9 rendue \u00e0 la structure, celle-ci peut de nouveau fonctionner avec une physiologie optimis\u00e9e (si toute cause allopathique a \u00e9t\u00e9 \u00e9limin\u00e9e).<\/p>\n<\/div><\/div>\n","protected":false},"excerpt":{"rendered":"<p>Qu&#8217;est ce que l&#8217;ost\u00e9opathie ? L&#8217;Ost\u00e9opathie est l&#8217;art de diagnostiquer et de traiter manuellement les restrictions de mobilit\u00e9 des tissus du corps humain susceptibles d&#8217;alt\u00e9rer &hellip; <\/p>\n","protected":false},"author":1,"featured_media":0,"parent":0,"menu_order":0,"comment_status":"closed","ping_status":"closed","template":"","meta":{"footnotes":""},"class_list":["post-7","page","type-page","status-publish","hentry","latest_post"],"_links":{"self":[{"href":"https:\/\/osteopathe-claye-souilly.fr\/index.php?rest_route=\/wp\/v2\/pages\/7","targetHints":{"allow":["GET"]}}],"collection":[{"href":"https:\/\/osteopathe-claye-souilly.fr\/index.php?rest_route=\/wp\/v2\/pages"}],"about":[{"href":"https:\/\/osteopathe-claye-souilly.fr\/index.php?rest_route=\/wp\/v2\/types\/page"}],"author":[{"embeddable":true,"href":"https:\/\/osteopathe-claye-souilly.fr\/index.php?rest_route=\/wp\/v2\/users\/1"}],"replies":[{"embeddable":true,"href":"https:\/\/osteopathe-claye-souilly.fr\/index.php?rest_route=%2Fwp%2Fv2%2Fcomments&post=7"}],"version-history":[{"count":3,"href":"https:\/\/osteopathe-claye-souilly.fr\/index.php?rest_route=\/wp\/v2\/pages\/7\/revisions"}],"predecessor-version":[{"id":135,"href":"https:\/\/osteopathe-claye-souilly.fr\/index.php?rest_route=\/wp\/v2\/pages\/7\/revisions\/135"}],"wp:attachment":[{"href":"https:\/\/osteopathe-claye-souilly.fr\/index.php?rest_route=%2Fwp%2Fv2%2Fmedia&parent=7"}],"curies":[{"name":"wp","href":"https:\/\/api.w.org\/{rel}","templated":true}]}}