{"id":8,"date":"2022-02-11T15:27:07","date_gmt":"2022-02-11T14:27:07","guid":{"rendered":"http:\/\/osteopathe-claye-souilly.fr\/?page_id=8"},"modified":"2022-03-14T18:19:17","modified_gmt":"2022-03-14T17:19:17","slug":"la-seance","status":"publish","type":"page","link":"https:\/\/osteopathe-claye-souilly.fr\/?page_id=8","title":{"rendered":"La consultation"},"content":{"rendered":"\n<h2 class=\"wp-block-heading\" id=\"duree-d-une-consultation\" style=\"font-style:normal;font-weight:400\"><br>Dur\u00e9e d&#8217;une consultation ?<\/h2>\n\n\n\n<p>De 45 minutes \u00e0 60 minutes<\/p>\n\n\n\n<p><\/p>\n\n\n\n<h2 class=\"has-large-font-size wp-block-heading\" id=\"conseil-a-suivre-pour-un-bon-deroulement-de-la-seance\">Conseil \u00e0 suivre pour un bon d\u00e9roulement de la s\u00e9ance<\/h2>\n\n\n\n<p>Se m\u00e9nager au maximum les 24 \u00e0 48 heures qui suivent un traitement. Et donc ne pas pr\u00e9voir un travail trop physique pendant ce laps de temps.<br>Bien s\u2019hydrater.<\/p>\n\n\n\n<p>Des conseils personnalis\u00e9s seront donn\u00e9s \u00e0 chaque patient au cours de la consultation.<\/p>\n\n\n\n<h2 class=\"has-large-font-size wp-block-heading\" id=\"deroulement-de-la-seance\">D\u00e9roulement de la s\u00e9ance<\/h2>\n\n\n\n<h5 class=\"wp-block-heading\" id=\"1er-temps-l-anamnese\">1er temps :&nbsp; l&#8217;anamn\u00e8se<\/h5>\n\n\n\n<p>Le praticien pratique un interrogatoire du patient afin de conna\u00eetre ses ant\u00e9c\u00e9dents traumatiques, chirurgicaux, m\u00e9dicaux et son \u00e9tat de sant\u00e9. Cet interrogatoire permet \u00e0 l&#8217;ost\u00e9opathe de mieux conna\u00eetre son patient et son motif de consultation pr\u00e9cis.<\/p>\n\n\n\n<p>Ne pas h\u00e9sitez \u00e0 apporter vos examens compl\u00e9mentaires r\u00e9cents (imagerie, compte-rendu op\u00e9ratoire, biologie&#8230;)<\/p>\n\n\n\n<h5 class=\"wp-block-heading\" id=\"2eme-temps-l-observation-et-les-tests\">2\u00e8me temps : L&#8217;observation et les tests<\/h5>\n\n\n\n<p>Une observation de la posture du patient ainsi que de sa mobilit\u00e9 puis diff\u00e9rents tests sont effectu\u00e9s afin d&#8217;exclure toute pathologie pouvant relever d&#8217;une autre discipline, et de permettre \u00e0 l&#8217;ost\u00e9opathe de d\u00e9terminer quelles sont les diff\u00e9rentes restrictions de mobilit\u00e9 du patient et la mise en place du traitement.<\/p>\n\n\n\n<h5 class=\"wp-block-heading\" id=\"3eme-temps-le-traitement\">3\u00e8me temps : Le traitement<\/h5>\n\n\n\n<p>L&#8217;ost\u00e9opathe va utiliser diverses techniques, adapt\u00e9es sp\u00e9cifiquement \u00e0 chaque patient. Le traitement a pour but de soulager la douleur et de restaurer la mobilit\u00e9 des tissus du patient et de stimuler les m\u00e9canismes d&#8217;auto-r\u00e9gulation de l&#8217;organisme.<\/p>\n\n\n\n<h2 class=\"wp-block-heading\">R\u00e8glement <\/h2>\n\n\n\n<p>R\u00e8glement de la s\u00e9ance par ch\u00e8que ou en esp\u00e8ce <\/p>\n\n\n\n<p>Pas de carte bancaire<\/p>\n","protected":false},"excerpt":{"rendered":"<p>Dur\u00e9e d&#8217;une consultation ? De 45 minutes \u00e0 60 minutes Conseil \u00e0 suivre pour un bon d\u00e9roulement de la s\u00e9ance Se m\u00e9nager au maximum les &hellip; <\/p>\n","protected":false},"author":1,"featured_media":0,"parent":0,"menu_order":0,"comment_status":"closed","ping_status":"closed","template":"","meta":{"footnotes":""},"class_list":["post-8","page","type-page","status-publish","hentry","latest_post"],"_links":{"self":[{"href":"https:\/\/osteopathe-claye-souilly.fr\/index.php?rest_route=\/wp\/v2\/pages\/8","targetHints":{"allow":["GET"]}}],"collection":[{"href":"https:\/\/osteopathe-claye-souilly.fr\/index.php?rest_route=\/wp\/v2\/pages"}],"about":[{"href":"https:\/\/osteopathe-claye-souilly.fr\/index.php?rest_route=\/wp\/v2\/types\/page"}],"author":[{"embeddable":true,"href":"https:\/\/osteopathe-claye-souilly.fr\/index.php?rest_route=\/wp\/v2\/users\/1"}],"replies":[{"embeddable":true,"href":"https:\/\/osteopathe-claye-souilly.fr\/index.php?rest_route=%2Fwp%2Fv2%2Fcomments&post=8"}],"version-history":[{"count":7,"href":"https:\/\/osteopathe-claye-souilly.fr\/index.php?rest_route=\/wp\/v2\/pages\/8\/revisions"}],"predecessor-version":[{"id":147,"href":"https:\/\/osteopathe-claye-souilly.fr\/index.php?rest_route=\/wp\/v2\/pages\/8\/revisions\/147"}],"wp:attachment":[{"href":"https:\/\/osteopathe-claye-souilly.fr\/index.php?rest_route=%2Fwp%2Fv2%2Fmedia&parent=8"}],"curies":[{"name":"wp","href":"https:\/\/api.w.org\/{rel}","templated":true}]}}