{"id":9,"date":"2022-02-11T15:27:07","date_gmt":"2022-02-11T14:27:07","guid":{"rendered":"http:\/\/osteopathe-claye-souilly.fr\/?page_id=9"},"modified":"2022-02-22T16:49:15","modified_gmt":"2022-02-22T15:49:15","slug":"quand-consulter","status":"publish","type":"page","link":"https:\/\/osteopathe-claye-souilly.fr\/?page_id=9","title":{"rendered":"Champs d&#8217;action de l&#8217;osteopathie"},"content":{"rendered":"\n<h2 class=\"has-large-font-size wp-block-heading\" id=\"pour-le-nourrisson\" style=\"font-style:normal;font-weight:600\">Pour le nourrisson <\/h2>\n\n\n\n<ul class=\"wp-block-list\"><li>Reflux Gastro-Oesophagien (RGO), r\u00e9gurgitations importantes et vomissements<\/li><li>Coliques, diarrh\u00e9es, constipations et troubles de la digestion<\/li><li>Troubles du sommeil, difficult\u00e9s \u00e0 faire ses nuits, etc.<\/li><li>Troubles du comportement, hyper ou hypoactivit\u00e9<\/li><li>Troubles ORL chroniques (otites, nez qui coule, bronchites&#8230;), strabisme<\/li><li>Torticolis, ainsi que toute asym\u00e9trie physique de t\u00eate (plagioc\u00e9phalie) ou du corps, etc.<\/li><\/ul>\n\n\n\n<h2 class=\"has-large-font-size wp-block-heading\" id=\"pour-l-enfant-1\">Pour l&#8217;enfant<\/h2>\n\n\n\n<ul class=\"wp-block-list\"><li>Scoliose, lordose, cyphose ou attitude scoliotique<\/li><li>Maux de t\u00eate, de dos ou de toute articulation, muscles, etc.<\/li><li>Port d&#8217;un appareil dentaire, apr\u00e8s la succion du pouce<\/li><li>Affections ORL \u00e0 r\u00e9p\u00e9tition<\/li><li>Troubles digestifs, diarrh\u00e9e, constipation, colique, reflux<\/li><li>Difficult\u00e9s de concentration \u00e0 l&#8217;\u00e9cole, hyperactivit\u00e9, excitation, troubles de l&#8217;humeur, troubles du sommeil<\/li><\/ul>\n\n\n\n<h2 class=\"has-large-font-size wp-block-heading\" id=\"pour-l-adulte-1\">Pour l&#8217;adulte<\/h2>\n\n\n\n<ul class=\"wp-block-list\"><li>Douleurs chroniques souvent post traumatiques ou cons\u00e9quences de &#8220;faux mouvement&#8221;<\/li><li>Douleurs chroniques post op\u00e9ratoires<\/li><li>Douleurs ponctuelles \u00e9pisodiques telles que des lombalgies de type &#8220;lumbago&#8221; etc.<\/li><\/ul>\n\n\n\n<h2 class=\"has-large-font-size wp-block-heading\" id=\"pour-la-femme-enceinte-1\">Pour la femme enceinte<\/h2>\n\n\n\n<ul class=\"wp-block-list\"><li>Douleurs de dos, du coccyx<\/li><li>Sciatique, cruralgie et toute autre n\u00e9vralgie<\/li><li>Digestion difficile, naus\u00e9es, vomissements, reflux, ballonnements, diarrh\u00e9e, constipation<\/li><li>Oppression thoracique, difficult\u00e9s \u00e0 respirer<\/li><li>Troubles circulatoires<\/li><li>Insomnies, angoisse, fatigue et stress<\/li><\/ul>\n\n\n\n<h2 class=\"has-large-font-size wp-block-heading\" id=\"pour-les-sportifs-1\">Pour les sportifs<\/h2>\n\n\n\n<div class=\"wp-block-group\"><div class=\"wp-block-group__inner-container is-layout-flow wp-block-group-is-layout-flow\">\n<ul class=\"wp-block-list\"><li>Douleurs articulaires et\/ou musculaires<\/li><li>Tendinites, entorses, d\u00e9chirures et contractures musculaires<\/li><li>Pubalgie<\/li><li>R\u00e9cup\u00e9ration difficile entre et apr\u00e8s les \u00e9preuves<\/li><li>Essoufflement \u00e0 l&#8217;effort<\/li><\/ul>\n<\/div><\/div>\n\n\n\n<h2 class=\"has-large-font-size wp-block-heading\" id=\"pour-les-seniors-1\">Pour les seniors<\/h2>\n\n\n\n<ul class=\"wp-block-list\"><li>Douleurs chroniques souvent post traumatiques ou cons\u00e9quences de &#8220;faux mouvement&#8221;<\/li><li>Douleurs chroniques post op\u00e9ratoires<\/li><li>Douleurs ponctuelles \u00e9pisodiques telles que des lombalgies de type &#8220;lumbago&#8221; etc.<\/li><\/ul>\n\n\n\n<figure class=\"wp-block-gallery has-nested-images columns-default is-cropped wp-block-gallery-1 is-layout-flex wp-block-gallery-is-layout-flex\">\n<figure class=\"wp-block-image size-large\"><img loading=\"lazy\" decoding=\"async\" width=\"828\" height=\"1092\" data-id=\"106\" src=\"http:\/\/osteopathe-claye-souilly.fr\/wp-content\/uploads\/2022\/02\/65467180_347256256172063_6248782308753539072_n.jpg\" alt=\"\" class=\"wp-image-106\" srcset=\"https:\/\/osteopathe-claye-souilly.fr\/wp-content\/uploads\/2022\/02\/65467180_347256256172063_6248782308753539072_n.jpg 828w, https:\/\/osteopathe-claye-souilly.fr\/wp-content\/uploads\/2022\/02\/65467180_347256256172063_6248782308753539072_n-227x300.jpg 227w, https:\/\/osteopathe-claye-souilly.fr\/wp-content\/uploads\/2022\/02\/65467180_347256256172063_6248782308753539072_n-776x1024.jpg 776w, https:\/\/osteopathe-claye-souilly.fr\/wp-content\/uploads\/2022\/02\/65467180_347256256172063_6248782308753539072_n-768x1013.jpg 768w, https:\/\/osteopathe-claye-souilly.fr\/wp-content\/uploads\/2022\/02\/65467180_347256256172063_6248782308753539072_n-45x60.jpg 45w\" sizes=\"auto, (max-width: 828px) 100vw, 828px\" \/><\/figure>\n\n\n\n<figure class=\"wp-block-image size-large\"><img loading=\"lazy\" decoding=\"async\" width=\"828\" height=\"1462\" data-id=\"103\" src=\"http:\/\/osteopathe-claye-souilly.fr\/wp-content\/uploads\/2022\/02\/65026604_2027016574260185_6920587581226745856_n.jpg\" alt=\"\" class=\"wp-image-103\" srcset=\"https:\/\/osteopathe-claye-souilly.fr\/wp-content\/uploads\/2022\/02\/65026604_2027016574260185_6920587581226745856_n.jpg 828w, https:\/\/osteopathe-claye-souilly.fr\/wp-content\/uploads\/2022\/02\/65026604_2027016574260185_6920587581226745856_n-170x300.jpg 170w, https:\/\/osteopathe-claye-souilly.fr\/wp-content\/uploads\/2022\/02\/65026604_2027016574260185_6920587581226745856_n-580x1024.jpg 580w, https:\/\/osteopathe-claye-souilly.fr\/wp-content\/uploads\/2022\/02\/65026604_2027016574260185_6920587581226745856_n-768x1356.jpg 768w, https:\/\/osteopathe-claye-souilly.fr\/wp-content\/uploads\/2022\/02\/65026604_2027016574260185_6920587581226745856_n-34x60.jpg 34w\" sizes=\"auto, (max-width: 828px) 100vw, 828px\" \/><\/figure>\n\n\n\n<figure class=\"wp-block-image size-large\"><img loading=\"lazy\" decoding=\"async\" width=\"828\" height=\"462\" data-id=\"105\" src=\"http:\/\/osteopathe-claye-souilly.fr\/wp-content\/uploads\/2022\/02\/65198056_658745037921447_985060752316432384_n.jpg\" alt=\"\" class=\"wp-image-105\" srcset=\"https:\/\/osteopathe-claye-souilly.fr\/wp-content\/uploads\/2022\/02\/65198056_658745037921447_985060752316432384_n.jpg 828w, https:\/\/osteopathe-claye-souilly.fr\/wp-content\/uploads\/2022\/02\/65198056_658745037921447_985060752316432384_n-300x167.jpg 300w, https:\/\/osteopathe-claye-souilly.fr\/wp-content\/uploads\/2022\/02\/65198056_658745037921447_985060752316432384_n-768x429.jpg 768w, https:\/\/osteopathe-claye-souilly.fr\/wp-content\/uploads\/2022\/02\/65198056_658745037921447_985060752316432384_n-108x60.jpg 108w\" sizes=\"auto, (max-width: 828px) 100vw, 828px\" \/><\/figure>\n\n\n\n<figure class=\"wp-block-image size-large\"><img loading=\"lazy\" decoding=\"async\" width=\"828\" height=\"1469\" data-id=\"100\" src=\"http:\/\/osteopathe-claye-souilly.fr\/wp-content\/uploads\/2022\/02\/64913021_1317529958410059_33445430024994816_n.jpg\" alt=\"\" class=\"wp-image-100\" srcset=\"https:\/\/osteopathe-claye-souilly.fr\/wp-content\/uploads\/2022\/02\/64913021_1317529958410059_33445430024994816_n.jpg 828w, https:\/\/osteopathe-claye-souilly.fr\/wp-content\/uploads\/2022\/02\/64913021_1317529958410059_33445430024994816_n-169x300.jpg 169w, https:\/\/osteopathe-claye-souilly.fr\/wp-content\/uploads\/2022\/02\/64913021_1317529958410059_33445430024994816_n-577x1024.jpg 577w, https:\/\/osteopathe-claye-souilly.fr\/wp-content\/uploads\/2022\/02\/64913021_1317529958410059_33445430024994816_n-768x1363.jpg 768w, https:\/\/osteopathe-claye-souilly.fr\/wp-content\/uploads\/2022\/02\/64913021_1317529958410059_33445430024994816_n-34x60.jpg 34w\" sizes=\"auto, (max-width: 828px) 100vw, 828px\" \/><\/figure>\n\n\n\n<figure class=\"wp-block-image size-large\"><img loading=\"lazy\" decoding=\"async\" width=\"828\" height=\"1098\" data-id=\"101\" src=\"http:\/\/osteopathe-claye-souilly.fr\/wp-content\/uploads\/2022\/02\/64934322_379892525970139_5948791891238584320_n.jpg\" alt=\"\" class=\"wp-image-101\" srcset=\"https:\/\/osteopathe-claye-souilly.fr\/wp-content\/uploads\/2022\/02\/64934322_379892525970139_5948791891238584320_n.jpg 828w, https:\/\/osteopathe-claye-souilly.fr\/wp-content\/uploads\/2022\/02\/64934322_379892525970139_5948791891238584320_n-226x300.jpg 226w, https:\/\/osteopathe-claye-souilly.fr\/wp-content\/uploads\/2022\/02\/64934322_379892525970139_5948791891238584320_n-772x1024.jpg 772w, https:\/\/osteopathe-claye-souilly.fr\/wp-content\/uploads\/2022\/02\/64934322_379892525970139_5948791891238584320_n-768x1018.jpg 768w, https:\/\/osteopathe-claye-souilly.fr\/wp-content\/uploads\/2022\/02\/64934322_379892525970139_5948791891238584320_n-45x60.jpg 45w\" sizes=\"auto, (max-width: 828px) 100vw, 828px\" \/><\/figure>\n\n\n\n<figure class=\"wp-block-image size-large\"><img loading=\"lazy\" decoding=\"async\" width=\"388\" height=\"516\" data-id=\"34\" src=\"http:\/\/osteopathe-claye-souilly.fr\/wp-content\/uploads\/2022\/02\/65551310_2291966540894967_21258547209783.webp\" alt=\"\" class=\"wp-image-34\" srcset=\"https:\/\/osteopathe-claye-souilly.fr\/wp-content\/uploads\/2022\/02\/65551310_2291966540894967_21258547209783.webp 388w, https:\/\/osteopathe-claye-souilly.fr\/wp-content\/uploads\/2022\/02\/65551310_2291966540894967_21258547209783-226x300.webp 226w\" sizes=\"auto, (max-width: 388px) 100vw, 388px\" \/><\/figure>\n<\/figure>\n","protected":false},"excerpt":{"rendered":"<p>Pour le nourrisson Reflux Gastro-Oesophagien (RGO), r\u00e9gurgitations importantes et vomissements Coliques, diarrh\u00e9es, constipations et troubles de la digestion Troubles du sommeil, difficult\u00e9s \u00e0 faire ses &hellip; <\/p>\n","protected":false},"author":1,"featured_media":0,"parent":0,"menu_order":0,"comment_status":"closed","ping_status":"closed","template":"","meta":{"footnotes":""},"class_list":["post-9","page","type-page","status-publish","hentry","latest_post"],"_links":{"self":[{"href":"https:\/\/osteopathe-claye-souilly.fr\/index.php?rest_route=\/wp\/v2\/pages\/9","targetHints":{"allow":["GET"]}}],"collection":[{"href":"https:\/\/osteopathe-claye-souilly.fr\/index.php?rest_route=\/wp\/v2\/pages"}],"about":[{"href":"https:\/\/osteopathe-claye-souilly.fr\/index.php?rest_route=\/wp\/v2\/types\/page"}],"author":[{"embeddable":true,"href":"https:\/\/osteopathe-claye-souilly.fr\/index.php?rest_route=\/wp\/v2\/users\/1"}],"replies":[{"embeddable":true,"href":"https:\/\/osteopathe-claye-souilly.fr\/index.php?rest_route=%2Fwp%2Fv2%2Fcomments&post=9"}],"version-history":[{"count":5,"href":"https:\/\/osteopathe-claye-souilly.fr\/index.php?rest_route=\/wp\/v2\/pages\/9\/revisions"}],"predecessor-version":[{"id":156,"href":"https:\/\/osteopathe-claye-souilly.fr\/index.php?rest_route=\/wp\/v2\/pages\/9\/revisions\/156"}],"wp:attachment":[{"href":"https:\/\/osteopathe-claye-souilly.fr\/index.php?rest_route=%2Fwp%2Fv2%2Fmedia&parent=9"}],"curies":[{"name":"wp","href":"https:\/\/api.w.org\/{rel}","templated":true}]}}